{"id":4167,"date":"2019-04-10T12:01:44","date_gmt":"2019-04-10T10:01:44","guid":{"rendered":"http:\/\/www.holiday-films.cz\/new\/?page_id=4167"},"modified":"2019-04-10T17:43:22","modified_gmt":"2019-04-10T15:43:22","slug":"holiday-films-film-production-prague","status":"publish","type":"page","link":"https:\/\/www.holiday-films.cz\/new\/holiday-films-film-production-prague\/","title":{"rendered":"Holiday Films film production Prague"},"content":{"rendered":"<p>[vc_row][vc_column][rev_slider_vc alias=&#8220;movie-studio-4-eng&#8220; enable_paspartu=&#8220;no&#8220;][\/vc_column][\/vc_row][vc_row row_content_width=&#8220;grid&#8220; css=&#8220;.vc_custom_1526648287437{padding-top: 60px !important;padding-bottom: 90px !important;}&#8220;][vc_column]<div class=\"edgtf-testimonials-holder clearfix edgtf-testimonials \">\n    <div class=\"edgtf-testimonials edgtf-owl-slider\" data-enable-loop=\"yes\" data-enable-autoplay=\"yes\" data-slider-speed=\"5000\" data-slider-speed-animation=\"600\" data-enable-navigation=\"yes\" data-enable-pagination=\"no\">\n\n    \n            <div class=\"edgtf-testimonial-content\" id=\"edgtf-testimonials-4104\">\n                                    <div class=\"edgtf-testimonial-image\">\n                        <img width=\"66\" height=\"11\" src=\"https:\/\/www.holiday-films.cz\/new\/wp-content\/uploads\/alfa-home-img.png\" class=\"attachment-66x66 size-66x66 wp-post-image\" alt=\"d\" loading=\"lazy\" \/>                    <\/div>\n                \t            <div class=\"edgtf-testimonial-text-holder\">\n                                            <p class=\"edgtf-testimonial-text\"> \"Zpit\u00fd otec schoulen\u00fd bezmocn\u011b ve spr\u0161e se pokou\u0161\u00ed usm\u00e1t na vystra\u0161enou dcerku nahl\u00ed\u017eej\u00edc\u00ed do koupelny. To jsou sc\u00e9ny, kter\u00e9 filmu \u00dasm\u011bvy smutn\u00fdch mu\u017e\u016f p\u0159id\u00e1vaj\u00ed body. Sc\u00e9ny bez vysv\u011btlivek, bez ozdob, beze slov.\"<\/p>\n                                                                <p class=\"edgtf-testimonial-author\">\n                            <span class=\"edgtf-testimonials-author-name\">- Mirka Sp\u00e1\u010dilov\u00e1, iDnes, 60%<\/span>\n                        <\/p>\n                                    <\/div>\n            <\/div>\n\n    \n            <div class=\"edgtf-testimonial-content\" id=\"edgtf-testimonials-1538\">\n                                    <div class=\"edgtf-testimonial-image\">\n                        <img width=\"66\" height=\"11\" src=\"https:\/\/www.holiday-films.cz\/new\/wp-content\/uploads\/alfa-home-img.png\" class=\"attachment-66x66 size-66x66 wp-post-image\" alt=\"d\" loading=\"lazy\" \/>                    <\/div>\n                \t            <div class=\"edgtf-testimonial-text-holder\">\n                                            <p class=\"edgtf-testimonial-text\">\"\u0160vehl\u00edkovi ale role vylo\u017een\u011b sedla a vy m\u00e1te tendenci mu na jeho v\u00e1le\u010dn\u00e9 stezce, kde nikdy nen\u00ed jist\u00e1 v\u00fdhra, fandit a\u017e do konce. A ob\u010dasn\u00e9 po\u0161ept\u00e1v\u00e1n\u00ed a pokyvov\u00e1n\u00ed hlavou div\u00e1k\u016f v s\u00e1le d\u00e1v\u00e1 jenom tu\u0161it, kolik z nich m\u00e1 asi takov\u00e9ho Josefa v bl\u00edzk\u00e9m okol\u00ed.\"<\/p>\n                                                                <p class=\"edgtf-testimonial-author\">\n                            <span class=\"edgtf-testimonials-author-name\">- jan-, T\u00fdden, 80%<\/span>\n                        <\/p>\n                                    <\/div>\n            <\/div>\n\n    \n            <div class=\"edgtf-testimonial-content\" id=\"edgtf-testimonials-341\">\n                                    <div class=\"edgtf-testimonial-image\">\n                        <img width=\"66\" height=\"11\" src=\"https:\/\/www.holiday-films.cz\/new\/wp-content\/uploads\/alfa-home-img.png\" class=\"attachment-66x66 size-66x66 wp-post-image\" alt=\"d\" loading=\"lazy\" \/>                    <\/div>\n                \t            <div class=\"edgtf-testimonial-text-holder\">\n                                            <p class=\"edgtf-testimonial-text\">\"Sn\u00edmek Dana Sv\u00e1tka zanech\u00e1v\u00e1 po zhl\u00e9dnut\u00ed zvl\u00e1\u0161tn\u011b o\u010di\u0161\u0165uj\u00edc\u00ed pocit. Je to konceptem p\u0159\u00edb\u011bhu, v\u00fdborn\u00fdmi hereck\u00fdmi v\u00fdkony a taky up\u0159\u00edmnou a t\u00edm p\u00e1dem i odzbrojuj\u00edc\u00ed v\u00fdpov\u011bd\u00ed zalo\u017eenou na nepokroucen\u00fdch a z\u00e1rove\u0148 t\u011b\u017ek\u00fdch vzpom\u00ednk\u00e1ch skute\u010dn\u00e9 lidsk\u00e9 bytosti.\"<\/p>\n                                                                <p class=\"edgtf-testimonial-author\">\n                            <span class=\"edgtf-testimonials-author-name\">- Dagmar \u0160imkov\u00e1, Totalfilm, 80%<\/span>\n                        <\/p>\n                                    <\/div>\n            <\/div>\n\n    \n            <div class=\"edgtf-testimonial-content\" id=\"edgtf-testimonials-335\">\n                                    <div class=\"edgtf-testimonial-image\">\n                        <img width=\"66\" height=\"11\" src=\"https:\/\/www.holiday-films.cz\/new\/wp-content\/uploads\/alfa-home-img.png\" class=\"attachment-66x66 size-66x66 wp-post-image\" alt=\"d\" loading=\"lazy\" \/>                    <\/div>\n                \t            <div class=\"edgtf-testimonial-text-holder\">\n                                            <p class=\"edgtf-testimonial-text\"> \"Podle autobiografick\u00e9 knihy Josefa Form\u00e1nka \u00dasm\u011bvy smutn\u00fdch mu\u017e\u016f nato\u010dil re\u017eis\u00e9r Dan Sv\u00e1tek stejnojmenn\u00fd film, do jeho\u017e hlavn\u00ed role obsadil Davida \u0160vehl\u00edka a vytvo\u0159il mu tak velkou hereckou p\u0159\u00edle\u017eitost. A \u0160vehl\u00edk ji vyu\u017eil naplno. \"<\/p>\n                                                                <p class=\"edgtf-testimonial-author\">\n                            <span class=\"edgtf-testimonials-author-name\">- V\u011bra M\u00ed\u0161kov\u00e1, Pr\u00e1vo, 70%<\/span>\n                        <\/p>\n                                    <\/div>\n            <\/div>\n\n    \n    <\/div>\n<\/div>[\/vc_column][\/vc_row][vc_row row_content_width=&#8220;grid&#8220; css=&#8220;.vc_custom_1525691985076{padding-top: 60px !important;padding-bottom: 32px !important;}&#8220; simple_background_color=&#8220;#101113&#8243;][vc_column offset=&#8220;vc_col-lg-4 vc_col-md-4&#8243;]<div class=\"edgtf-elements-holder   edgtf-one-column  edgtf-responsive-mode-768 \" ><div class=\"edgtf-eh-item    \"  data-item-class=\"edgtf-eh-custom-7098\" data-1024-1366=\"8px 0 0 37%\" data-768-1024=\"0 0 0 15%\" data-680-768=\"10px 0 15px 0\" data-680=\"10px 0 15px 0\">\n\t<div class=\"edgtf-eh-item-inner\">\n\t\t<div class=\"edgtf-eh-item-content edgtf-eh-custom-7098\" style=\"padding: 10px 0 0 45%\">\n\t\t\t[vc_column_text]<\/p>\n<h1 style=\"text-align: right;\"><span style=\"color: #ffffff;\">Holiday Films<\/span><\/h1>\n<p>[\/vc_column_text]\t\t<\/div>\n\t<\/div>\n<\/div><\/div>[\/vc_column][vc_column offset=&#8220;vc_col-lg-8 vc_col-md-8&#8243;]<div class=\"edgtf-elements-holder   edgtf-one-column  edgtf-responsive-mode-768 \" ><div class=\"edgtf-eh-item    \"  data-item-class=\"edgtf-eh-custom-5171\" data-1024-1366=\"20px 14% 132px 0\" data-768-1024=\"10px 0 95px 0\" data-680-768=\"0 0 100px 0\" data-680=\"0 0 140px 0\">\n\t<div class=\"edgtf-eh-item-inner\">\n\t\t<div class=\"edgtf-eh-item-content edgtf-eh-custom-5171\" style=\"padding: 20px 14% 107px 0\">\n\t\t\t[vc_column_text]<span style=\"color: #ffffff;\">The Film and TV production company with 20 years of experience in the feature film production. We provide content for TV stations based in the Czech Republic and abroad. We are successful not only in documentary and fiction, but a large part of our company is also engaged in commercial production of all formats in the Czech Republic and abroad. We have four feature films released in the cinema distribution and more than twenty programs in the TV segment. We are also active in the non-profit sector. <\/span>[\/vc_column_text]\t\t<\/div>\n\t<\/div>\n<\/div><\/div>[\/vc_column][\/vc_row][vc_row content_text_aligment=&#8220;center&#8220; css=&#8220;.vc_custom_1525692213380{padding-top: 95px !important;}&#8220;][vc_column]<div class=\"edgtf-section-title-holder  edgtf-st-reverse edgtf-st-title-left edgtf-st-ratio-1-2 edgtf-st-large-space\" >\n\t<div class=\"edgtf-st-inner\">\n\t\t\t\t\t<h6 class=\"edgtf-st-text\" style=\"color: #888888;margin: 0 0 15px 0\">\n\t\t\t\tProduction\t\t\t<\/h6>\n\t\t\t\t\t\t\t<h3 class=\"edgtf-st-title\" >\n\t\t\t\tOur Portfolio\t\t\t<\/h3>\n\t\t\t<\/div>\n<\/div>[\/vc_column][\/vc_row][vc_row row_content_width=&#8220;grid&#8220; css=&#8220;.vc_custom_1525692228604{padding-top: 60px !important;padding-bottom: 92px !important;}&#8220;][vc_column width=&#8220;1\/2&#8243; offset=&#8220;vc_col-lg-3 vc_col-md-6&#8243;]<div class=\"edgtf-elements-holder   edgtf-one-column  edgtf-responsive-mode-768 \" ><div class=\"edgtf-eh-item    \"  data-item-class=\"edgtf-eh-custom-7262\" data-1024-1366=\"0 0\" data-768-1024=\"0 15%\" data-680=\"50px 2% 0 2%\">\n\t<div class=\"edgtf-eh-item-inner\">\n\t\t<div class=\"edgtf-eh-item-content edgtf-eh-custom-7262\" style=\"padding: 0 6%\">\n\t\t\t<div class=\"edgtf-iwt clearfix  edgtf-iwt-icon-top edgtf-iwt-icon-medium\">\n\t<div class=\"edgtf-iwt-icon\">\n\t\t\t\t\t\t\t\t\t<img width=\"69\" height=\"71\" src=\"https:\/\/www.holiday-films.cz\/new\/wp-content\/uploads\/main-image-4.png\" class=\"attachment-full size-full\" alt=\"g\" loading=\"lazy\" \/>\t\t\t\t\t\t<\/div>\n\t<div class=\"edgtf-iwt-content\" >\n\t\t\t\t\t<h5 class=\"edgtf-iwt-title\" >\n\t\t\t\t\t\t\t\t<span class=\"edgtf-iwt-title-text\">Full-length movies<\/span>\n\t\t\t\t\t\t\t<\/h5>\n\t\t\t\t\t<\/div>\n<\/div>\t\t<\/div>\n\t<\/div>\n<\/div><\/div>[\/vc_column][vc_column width=&#8220;1\/2&#8243; offset=&#8220;vc_col-lg-3 vc_col-md-6&#8243;]<div class=\"edgtf-elements-holder   edgtf-one-column  edgtf-responsive-mode-768 \" ><div class=\"edgtf-eh-item    \"  data-item-class=\"edgtf-eh-custom-5402\" data-1024-1366=\"0 0\" data-768-1024=\"0 15%\" data-680=\"50px 2% 0 2%\">\n\t<div class=\"edgtf-eh-item-inner\">\n\t\t<div class=\"edgtf-eh-item-content edgtf-eh-custom-5402\" style=\"padding: 0 6%\">\n\t\t\t<div class=\"edgtf-iwt clearfix  edgtf-iwt-icon-top edgtf-iwt-icon-medium\">\n\t<div class=\"edgtf-iwt-icon\">\n\t\t\t\t\t\t\t\t\t<img width=\"82\" height=\"73\" src=\"https:\/\/www.holiday-films.cz\/new\/wp-content\/uploads\/What-we-do-custom-img-6.png\" class=\"attachment-full size-full\" alt=\"a\" loading=\"lazy\" \/>\t\t\t\t\t\t<\/div>\n\t<div class=\"edgtf-iwt-content\" >\n\t\t\t\t\t<h5 class=\"edgtf-iwt-title\" >\n\t\t\t\t\t\t\t\t<span class=\"edgtf-iwt-title-text\">Documents<\/span>\n\t\t\t\t\t\t\t<\/h5>\n\t\t\t\t\t<\/div>\n<\/div>\t\t<\/div>\n\t<\/div>\n<\/div><\/div>[\/vc_column][vc_column width=&#8220;1\/2&#8243; offset=&#8220;vc_col-lg-3 vc_col-md-6&#8243;]<div class=\"edgtf-elements-holder   edgtf-one-column  edgtf-responsive-mode-768 \" ><div class=\"edgtf-eh-item    \"  data-item-class=\"edgtf-eh-custom-1998\" data-1024-1366=\"0 0\" data-768-1024=\"70px 15% 0px 15%\" data-680-768=\"70px 6% 0px 6%\" data-680=\"50px 2% 0 2%\">\n\t<div class=\"edgtf-eh-item-inner\">\n\t\t<div class=\"edgtf-eh-item-content edgtf-eh-custom-1998\" style=\"padding: 0 6%\">\n\t\t\t<div class=\"edgtf-iwt clearfix  edgtf-iwt-icon-top edgtf-iwt-icon-medium\">\n\t<div class=\"edgtf-iwt-icon\">\n\t\t\t\t\t\t\t\t\t<img width=\"82\" height=\"73\" src=\"https:\/\/www.holiday-films.cz\/new\/wp-content\/uploads\/What-we-do-custom-img-5.png\" class=\"attachment-full size-full\" alt=\"a\" loading=\"lazy\" \/>\t\t\t\t\t\t<\/div>\n\t<div class=\"edgtf-iwt-content\" >\n\t\t\t\t\t<h5 class=\"edgtf-iwt-title\" >\n\t\t\t\t\t\t\t\t<span class=\"edgtf-iwt-title-text\">Advertising<\/span>\n\t\t\t\t\t\t\t<\/h5>\n\t\t\t\t\t<\/div>\n<\/div>\t\t<\/div>\n\t<\/div>\n<\/div><\/div>[\/vc_column][vc_column width=&#8220;1\/2&#8243; offset=&#8220;vc_col-lg-3 vc_col-md-6&#8243;]<div class=\"edgtf-elements-holder   edgtf-one-column  edgtf-responsive-mode-768 \" ><div class=\"edgtf-eh-item    \"  data-item-class=\"edgtf-eh-custom-2902\" data-1024-1366=\"0 0\" data-768-1024=\"70px 15% 0px 15%\" data-680-768=\"70px 6% 0px 6%\" data-680=\"50px 2% 0 2%\">\n\t<div class=\"edgtf-eh-item-inner\">\n\t\t<div class=\"edgtf-eh-item-content edgtf-eh-custom-2902\" style=\"padding: 0 6%\">\n\t\t\t<div class=\"edgtf-iwt clearfix  edgtf-iwt-icon-top edgtf-iwt-icon-medium\">\n\t<div class=\"edgtf-iwt-icon\">\n\t\t\t\t\t\t\t\t\t<img width=\"82\" height=\"73\" src=\"https:\/\/www.holiday-films.cz\/new\/wp-content\/uploads\/What-we-do-custom-img-7.png\" class=\"attachment-full size-full\" alt=\"a\" loading=\"lazy\" \/>\t\t\t\t\t\t<\/div>\n\t<div class=\"edgtf-iwt-content\" >\n\t\t\t\t\t<h5 class=\"edgtf-iwt-title\" >\n\t\t\t\t\t\t\t\t<span class=\"edgtf-iwt-title-text\">Additional Production<\/span>\n\t\t\t\t\t\t\t<\/h5>\n\t\t\t\t\t<\/div>\n<\/div>\t\t<\/div>\n\t<\/div>\n<\/div><\/div>[\/vc_column][\/vc_row][vc_row row_content_width=&#8220;grid&#8220; parallax_background_image=&#8220;361&#8243; css=&#8220;.vc_custom_1526648327091{padding-top: 90px !important;}&#8220;][vc_column offset=&#8220;vc_col-lg-6 vc_col-md-12&#8243;]<div class=\"edgtf-elements-holder   edgtf-one-column  edgtf-responsive-mode-768 \" ><div class=\"edgtf-eh-item    \"  data-item-class=\"edgtf-eh-custom-8828\" data-1366-1600=\"52px 20px 0 0\" data-1024-1366=\"33px 20px 0 0\" data-768-1024=\"5.5% 21% 0 0\" data-680-768=\"7% 0% 0 0\" data-680=\"13.8% 1% 0 0\">\n\t<div class=\"edgtf-eh-item-inner\">\n\t\t<div class=\"edgtf-eh-item-content edgtf-eh-custom-8828\" style=\"padding: 53px 20px 0 0\">\n\t\t\t<div class=\"edgtf-accordion-holder edgtf-ac-default  edgtf-accordion-light edgtf-accordion clearfix\">\n\t<h5 class=\"edgtf-accordion-title\">\n    <span class=\"edgtf-accordion-mark\">\n\t\t<span class=\"edgtf_icon_plus arrow_carrot-down\"><\/span>\n\t\t<span class=\"edgtf_icon_minus arrow_carrot-up\"><\/span>\n\t<\/span>\n\t<span class=\"edgtf-tab-title\">Actual project - TWO WORDS AS THE KEY<\/span>\n<\/h5>\n<div class=\"edgtf-accordion-content\">\n\t<div class=\"edgtf-accordion-content-inner\">\n\t\t[vc_column_text]<span style=\"color: #ffffff;\">In the film TWO WORDS AS THE KEY, the destinies of people from various corners of the world magically join in one stream infinitely following the present moment drifting towards the important decisions of the main heroes. <\/span>[\/vc_column_text]\t<\/div>\n<\/div><h5 class=\"edgtf-accordion-title\">\n    <span class=\"edgtf-accordion-mark\">\n\t\t<span class=\"edgtf_icon_plus arrow_carrot-down\"><\/span>\n\t\t<span class=\"edgtf_icon_minus arrow_carrot-up\"><\/span>\n\t<\/span>\n\t<span class=\"edgtf-tab-title\">Additional Info<\/span>\n<\/h5>\n<div class=\"edgtf-accordion-content\">\n\t<div class=\"edgtf-accordion-content-inner\">\n\t\t[vc_column_text]<span style=\"color: #ffffff;\">A story of love, guilt and reconciliation. <\/span><\/p>\n<p>A film about the search for life, family ties, life values, about the hidden strengths which determine our steps, about humility and fate, which nobody can avoid. The search for the meaning of life in this story reaches the borders of the mysterious, where reality dissolves into illusion.<\/p>\n<p>The film will bring strong emotions, breathtakingly wonderful pictures of the Earth, and the inner moments of heroes standing before a choice and change to their lives.[\/vc_column_text]\t<\/div>\n<\/div><\/div>\t\t<\/div>\n\t<\/div>\n<\/div><\/div>[vc_empty_space height=&#8220;90px&#8220;][\/vc_column][vc_column offset=&#8220;vc_col-lg-6 vc_col-md-offset-0 vc_col-md-12 vc_col-sm-offset-0&#8243;]<div class=\"edgtf-elements-holder   edgtf-one-column  edgtf-responsive-mode-768 \" ><div class=\"edgtf-eh-item    \"  data-item-class=\"edgtf-eh-custom-6766\" data-1366-1600=\"20px 0 110px 0\" data-1024-1366=\"20px 0 110px 0\" data-768-1024=\"0 0 18% 0\" data-680-768=\"0% 0 23.5% 0\" data-680=\"0 0 46% 0\">\n\t<div class=\"edgtf-eh-item-inner\">\n\t\t<div class=\"edgtf-eh-item-content edgtf-eh-custom-6766\" style=\"padding: 20px 0 110px 0\">\n\t\t\t<div class=\"edgtf-single-image-holder     edgtf-image-align-left\">\n    <div class=\"edgtf-si-inner\" >\n                                    <img width=\"602\" height=\"359\" src=\"https:\/\/www.holiday-films.cz\/new\/wp-content\/uploads\/dve-slova-jako-klic.jpg\" class=\"attachment-full size-full\" alt=\"\" loading=\"lazy\" srcset=\"https:\/\/www.holiday-films.cz\/new\/wp-content\/uploads\/dve-slova-jako-klic.jpg 602w, https:\/\/www.holiday-films.cz\/new\/wp-content\/uploads\/dve-slova-jako-klic-300x179.jpg 300w, https:\/\/www.holiday-films.cz\/new\/wp-content\/uploads\/dve-slova-jako-klic-600x358.jpg 600w\" sizes=\"(max-width: 602px) 100vw, 602px\" \/>\t                                    <\/div>\n<\/div>\t\t<\/div>\n\t<\/div>\n<\/div><\/div>[\/vc_column][\/vc_row]<\/p>\n","protected":false},"excerpt":{"rendered":"<p>[vc_row][vc_column][rev_slider_vc alias=&#8220;movie-studio-4-eng&#8220; enable_paspartu=&#8220;no&#8220;][\/vc_column][\/vc_row][vc_row row_content_width=&#8220;grid&#8220; css=&#8220;.vc_custom_1526648287437{padding-top: 60px !important;padding-bottom: 90px !important;}&#8220;][vc_column][\/vc_column][\/vc_row][vc_row row_content_width=&#8220;grid&#8220; css=&#8220;.vc_custom_1525691985076{padding-top: 60px !important;padding-bottom: 32px !important;}&#8220; simple_background_color=&#8220;#101113&#8243;][vc_column offset=&#8220;vc_col-lg-4 [&hellip;]<\/p>\n","protected":false},"author":1,"featured_media":4076,"parent":0,"menu_order":0,"comment_status":"closed","ping_status":"closed","template":"full-width.php","meta":[],"_links":{"self":[{"href":"https:\/\/www.holiday-films.cz\/new\/wp-json\/wp\/v2\/pages\/4167"}],"collection":[{"href":"https:\/\/www.holiday-films.cz\/new\/wp-json\/wp\/v2\/pages"}],"about":[{"href":"https:\/\/www.holiday-films.cz\/new\/wp-json\/wp\/v2\/types\/page"}],"author":[{"embeddable":true,"href":"https:\/\/www.holiday-films.cz\/new\/wp-json\/wp\/v2\/users\/1"}],"replies":[{"embeddable":true,"href":"https:\/\/www.holiday-films.cz\/new\/wp-json\/wp\/v2\/comments?post=4167"}],"version-history":[{"count":11,"href":"https:\/\/www.holiday-films.cz\/new\/wp-json\/wp\/v2\/pages\/4167\/revisions"}],"predecessor-version":[{"id":4177,"href":"https:\/\/www.holiday-films.cz\/new\/wp-json\/wp\/v2\/pages\/4167\/revisions\/4177"}],"wp:featuredmedia":[{"embeddable":true,"href":"https:\/\/www.holiday-films.cz\/new\/wp-json\/wp\/v2\/media\/4076"}],"wp:attachment":[{"href":"https:\/\/www.holiday-films.cz\/new\/wp-json\/wp\/v2\/media?parent=4167"}],"curies":[{"name":"wp","href":"https:\/\/api.w.org\/{rel}","templated":true}]}}